{"id":6,"date":"2026-01-16T17:20:24","date_gmt":"2026-01-16T16:20:24","guid":{"rendered":"https:\/\/sumatealequipo.joyairline.com.ar\/index.php\/current-jobs\/"},"modified":"2026-02-02T21:18:50","modified_gmt":"2026-02-02T20:18:50","slug":"current-jobs","status":"publish","type":"page","link":"https:\/\/sumatealequipo.joyairline.com.ar\/","title":{"rendered":"Portal de Trabajo"},"content":{"rendered":"\t\t<div data-elementor-type=\"wp-page\" data-elementor-id=\"6\" class=\"elementor elementor-6\">\n\t\t\t\t<div class=\"elementor-element elementor-element-16db4961 e-flex e-con-boxed e-con e-parent\" data-id=\"16db4961\" data-element_type=\"container\" data-e-type=\"container\">\n\t\t\t\t\t<div class=\"e-con-inner\">\n\t\t\t\t<div class=\"elementor-element elementor-element-417fdaba elementor-widget elementor-widget-text-editor\" data-id=\"417fdaba\" data-element_type=\"widget\" data-e-type=\"widget\" data-widget_type=\"text-editor.default\">\n\t\t\t\t\t\t\t\t\t[jobpost]\t\t\t\t\t\t\t\t<\/div>\n\t\t\t\t\t<\/div>\n\t\t\t\t<\/div>\n\t\t<div class=\"elementor-element elementor-element-2825444 e-flex e-con-boxed e-con e-parent\" data-id=\"2825444\" data-element_type=\"container\" data-e-type=\"container\">\n\t\t\t\t\t<div class=\"e-con-inner\">\n\t\t\t\t<div class=\"elementor-element elementor-element-09e6062 elementor-widget elementor-widget-jp_shortcodes_wigdet\" data-id=\"09e6062\" data-element_type=\"widget\" data-e-type=\"widget\" data-widget_type=\"jp_shortcodes_wigdet.default\">\n\t\t\t\t<div class=\"elementor-widget-container\">\n\t\t\t\t\t<div class=\"custom-shortcode-output job-portal-overrides-wrap-typo\"><style>\n    div#wpjobportal-hide{display: none;width: 100%;}\n    div#map{width: 100%;height: 100%;}\n    div#map_container,div#map_container1{\n        height:400px;\n        width:100%;\n    }\n<\/style>\n\n<div class=\"wjportal-main-up-wrapper\">\n<div class=\"wjportal-main-wrapper wjportal-clearfix\">\n    <div class=\"wjportal-page-header\">\n        <div class=\"wjportal-page-heading\">Trabajos m\u00e1s recientes<\/div>    <\/div>\n    <div class=\"wjportal-newest-jobs\">\n                    <div class=\"wjportal-filter-search-main-wrp  \">\n                <form class=\"wjportal-form-wrp\" id=\"job_form\" method=\"post\" action=\"https:\/\/sumatealequipo.joyairline.com.ar\/index.php\/wp-job-portal-jobseeker-controlpanel\/jobs\">\n                    <div class=\"wjportal-filter-search-wrp\">     <div class=\"wjportal-filter-search-field-wrp\">\n                            <input type=\"text\" name=\"jobtitle\" id=\"jobtitle\" value=\"\" placeholder=\"T\u00edtulo\" class=\"wjportal-filter-search-input-field\" maxlength=\"255\" \/>\n                        <\/div>     <div class=\"wjportal-filter-search-field-wrp\">\n                            <input type=\"text\" name=\"city\" id=\"city\" value=\"\" placeholder=\"Ciudad\" class=\"wpjobportal-job-listing-city-field\" maxlength=\"255\" \/>\n                        <\/div>     <div class=\"wjportal-filter-search-btn-wrp\">\n                            <button type=\"submit\" class=\"wjportal-filter-search-btn\">\n                                <i class=\"fa fa-search\"><\/i>\n                            <\/button>\n                            <button id=\"reset-newest-jobfilter\" type=\"reset\" class=\"wjportal-filter-reset-btn\">\n                                <i class=\"fa fa-refresh\"><\/i>\n                            <\/button>\n                        <\/div>\n                <\/div><input type='hidden' name='wpjobportallay' id='wpjobportallay' value='jobs' \/><input type='hidden' name='WPJOBPORTAL_form_search' id='WPJOBPORTAL_form_search' value='WPJOBPORTAL_SEARCH' \/>                <\/form>\n            <\/div>\n                <div class=\"wjportal-jobs-list-wrapper\">\n            \n                <div class=\"wjportal-error-messages-wrp\">\n                    <div class=\"wjportal-error-msg-image-wrp\">\n                        <img decoding=\"async\" class=\"wjportal-error-msg-image\" src=\"https:\/\/sumatealequipo.joyairline.com.ar\/wp-content\/plugins\/wp-job-portal\/includes\/images\/errors\/no-record.png\" alt=\"sin registro\" \/>\n                    <\/div>\n                    <div class=\"wjportal-error-msg-txt\">\n                        Ning\u00fan record fue encontrado !...\n                    <\/div>    \n                    <div class=\"wjportal-error-msg-actions-wrp\"><\/div>\n                <\/div>\n                <\/div>\n        <div id=\"wjportal-popup-background\"><\/div>\n        <div id=\"wjportal-listpopup\" class=\"wjportal-popup-wrp wjportal-job-by-catg-popup\">\n            <div class=\"wjportal-popup-cnt\">\n                <img decoding=\"async\" id=\"wjportal-popup-close-btn\" alt=\"popup cross\" src=\"https:\/\/sumatealequipo.joyairline.com.ar\/wp-content\/plugins\/wp-job-portal\/includes\/images\/popup-close.png\">\n                <div class=\"wjportal-popup-title\">\n                    <span class=\"wjportal-popup-title2\"><\/span>\n                <\/div>\n                <div class=\"wjportal-popup-contentarea\"><\/div>\n            <\/div>\n        <\/div>\n    <\/div>\n<\/div>\n<\/div>\n<\/div>\t\t\t\t<\/div>\n\t\t\t\t<\/div>\n\t\t\t\t\t<\/div>\n\t\t\t\t<\/div>\n\t\t\t\t<\/div>\n\t\t","protected":false},"excerpt":{"rendered":"<p>[jobpost] Tablero Tablero Babosa SEO Importar datos de terceros Registro de actividades Estad\u00edsticas Errores del sistema Trabajos Trabajos Agregar trabajo nuevo Cola de aprobaci\u00f3n Campos Campos de b\u00fasqueda Configuraciones de aplicaci\u00f3n del trabajo Alerta de Trabajo Instalar ahora Curr\u00edculum Curr\u00edculum Cola de aprobaci\u00f3n Campos Campos de aplicaci\u00f3n r\u00e1pida Compa\u00f1\u00edas Compa\u00f1\u00edas Agregar nueva empresa Cola de [&hellip;]<\/p>\n","protected":false},"author":1,"featured_media":0,"parent":0,"menu_order":0,"comment_status":"closed","ping_status":"closed","template":"","meta":{"footnotes":""},"class_list":["post-6","page","type-page","status-publish","hentry"],"_links":{"self":[{"href":"https:\/\/sumatealequipo.joyairline.com.ar\/index.php\/wp-json\/wp\/v2\/pages\/6","targetHints":{"allow":["GET"]}}],"collection":[{"href":"https:\/\/sumatealequipo.joyairline.com.ar\/index.php\/wp-json\/wp\/v2\/pages"}],"about":[{"href":"https:\/\/sumatealequipo.joyairline.com.ar\/index.php\/wp-json\/wp\/v2\/types\/page"}],"author":[{"embeddable":true,"href":"https:\/\/sumatealequipo.joyairline.com.ar\/index.php\/wp-json\/wp\/v2\/users\/1"}],"replies":[{"embeddable":true,"href":"https:\/\/sumatealequipo.joyairline.com.ar\/index.php\/wp-json\/wp\/v2\/comments?post=6"}],"version-history":[{"count":4,"href":"https:\/\/sumatealequipo.joyairline.com.ar\/index.php\/wp-json\/wp\/v2\/pages\/6\/revisions"}],"predecessor-version":[{"id":19,"href":"https:\/\/sumatealequipo.joyairline.com.ar\/index.php\/wp-json\/wp\/v2\/pages\/6\/revisions\/19"}],"wp:attachment":[{"href":"https:\/\/sumatealequipo.joyairline.com.ar\/index.php\/wp-json\/wp\/v2\/media?parent=6"}],"curies":[{"name":"wp","href":"https:\/\/api.w.org\/{rel}","templated":true}]}}